
{"id":89,"date":"2020-03-02T13:05:47","date_gmt":"2020-03-02T12:05:47","guid":{"rendered":"https:\/\/demosites.io\/scholar-gb\/?page_id=89"},"modified":"2022-02-23T08:59:42","modified_gmt":"2022-02-23T07:59:42","slug":"home-page","status":"publish","type":"page","link":"https:\/\/zerafin.ch\/cms\/","title":{"rendered":"Homepage"},"content":{"rendered":"\n<div class=\"wp-block-themeisle-blocks-advanced-columns alignfull has-2-columns has-desktop-equal-layout has-tablet-equal-layout has-mobile-collapsedRows-layout has-default-gap has-vertical-center homeHeaderImg\" id=\"wp-block-themeisle-blocks-advanced-columns-7a86ca70\"><div class=\"wp-block-themeisle-blocks-advanced-columns-overlay\"><\/div><div class=\"innerblocks-wrap\">\n<div class=\"wp-block-themeisle-blocks-advanced-column\" id=\"wp-block-themeisle-blocks-advanced-column-423106d6\">\n<div style=\"height:20px\" aria-hidden=\"true\" class=\"wp-block-spacer\"><\/div>\n<\/div>\n\n\n\n<div class=\"wp-block-themeisle-blocks-advanced-column\" id=\"wp-block-themeisle-blocks-advanced-column-96ebb22d\"><\/div>\n<\/div><\/div>\n\n\n\n<div class=\"wp-block-themeisle-blocks-advanced-columns has-1-columns has-desktop-equal-layout has-tablet-equal-layout has-mobile-equal-layout has-default-gap has-vertical-unset\" id=\"wp-block-themeisle-blocks-advanced-columns-e136895a\"><div class=\"wp-block-themeisle-blocks-advanced-columns-overlay\"><\/div><div class=\"innerblocks-wrap\">\n<div class=\"wp-block-themeisle-blocks-advanced-column\" id=\"wp-block-themeisle-blocks-advanced-column-17213078\"><div class='containerBackendBooks'><meta name='viewport' content='width=device-width, initial-scale=1.0'><div class='wrapperBooks'><div class='BooksRow'>\t\t\t\t\t\t\n\t\t\t\t\t\t<div class='column' id='books'>\n\t\t\t\t\t\t\t<div class='imgContainer'>\t\t\t\t\t\t\t\t\n\t\t\t\t\t\t\t\t\t<img src='https:\/\/zerafin.ch\/cms\/medien\/Mockup_Dracool_Band_1 Kombi_klein.png' target='_blank'>\t\t\t\t\t\t\t\t\n\t\t\t\t\t\t\t<\/div>\n\t\t\t\t\t\t\t<div class='booksWrapper'>\n\t\t\t\t\t\t\t\t<h2 class='books'>Dracool Holmes<\/h2>\n\t\t\t\t\t\t\t\t<h3 class='books'>Das Phantom von Counterville<\/h3><p class='booksDescrip'>Beschreibung<\/p>\n\t\t\t\t\t\t\t\t<p class='books'><p style=\"text-align: left;\">Der Vampir Dracool hat es satt, den ganzen Tag in seiner Gruft abzuh\u00e4ngen. Viel lieber klatscht er sich geh\u00f6rig Sonnencr\u00e8me ins Gesicht und l\u00f6st spannende F\u00e4lle.\r\nDabei helfen ihm seine Freunde Drusilla, Renny und Hermansen.<\/p>\r\n<p style=\"text-align: left;\">Im ersten Band stossen sie auf ein mysteri\u00f6ses Phantom, das den heimeligen Ort Counterville in Atem h\u00e4lt. Die L\u00f6sung des Geheimnisses schweisst das Team zusammen und sorgt f\u00fcr so manche \u00dcberraschung!<\/p><\/p><br><p class='books'>Alter ab 10 Jahren<\/p><br>\t<div class='bestellButton'><a href='https:\/\/www.amazon.de\/dp\/B09SP2QVXP?ref_=pe_3052080_397514860' target='_'><input type='button' value='Jetzt Bestellen auf Amazon'\/><\/a><br><a href='https:\/\/www.orellfuessli.ch\/shop\/home\/artikeldetails\/A1063400215' target='_'><input type='button' value='Jetzt Bestellen auf Orellf\u00fcssli'\/><\/a><a href='https:\/\/www.weltbild.ch\/artikel\/ebook\/dracool-holmes_37298078-1?ln=U3VjaGV8U3VjaGVyZ2Vibmlz' target='_'><input type='button' value='Jetzt Bestellen auf Weltbild'\/><\/a><\/div>\n\t\t\t\t\t\t\t<\/div>\n\t\t\t\t\t\t<\/div>\t\t\t\n\t\t\t\t\t\t\t\t\t\t\n\t\t\t\t\t\t<div class='column' id='books'>\n\t\t\t\t\t\t\t<div class='imgContainer'>\t\t\t\t\t\t\t\t\n\t\t\t\t\t\t\t\t\t<img src='https:\/\/zerafin.ch\/cms\/medien\/Mockup_Dracool_Band_2 neu.png' target='_blank'>\t\t\t\t\t\t\t\t\n\t\t\t\t\t\t\t<\/div>\n\t\t\t\t\t\t\t<div class='booksWrapper'>\n\t\t\t\t\t\t\t\t<h2 class='books'>Dracool Holmes<\/h2>\n\t\t\t\t\t\t\t\t<h3 class='books'>Das Amulett von Ashwood<\/h3><p class='booksDescrip'>Beschreibung<\/p>\n\t\t\t\t\t\t\t\t<p class='books'><p style=\"text-align: left;\">Ein alter Freund bittet Dracool dringend um Hilfe. Dessen Familie wird von einem alten Fluch heimgesucht. Das geheimnisvolle Amulett aus der Schatzkammer des altehrw\u00fcrdigen Hauses soll damit in Verbindung\r\nstehen.<\/p>\r\n<p style=\"text-align: left;\">Dracool Holmes und seine Freunde nehmen den Fall unter die Lupe. Doch erst m\u00fcssen sie es selbst mit dem einen und anderen Widersacher aufnehmen.<\/p><\/p><br><p class='books'>Alter ab 10 Jahren<\/p><br>\t<div class='bestellButton'><a href='https:\/\/www.amazon.com\/-\/de\/dp\/B0B1M7CPCH\/ref=sr_1_1?__mk_de_DE=\u00c5M\u00c5\u017d\u00d5\u00d1&crid=2LH1UBDKBJ7WU&keywords=Dracool+Holmes&qid=1653832931&sprefix=dracool+holmes%2Caps%2C253&sr=8-1' target='_'><input type='button' value='Jetzt Bestellen auf Amazon'\/><\/a><br><a href='https:\/\/www.orellfuessli.ch\/shop\/home\/artikeldetails\/A1063962304' target='_'><input type='button' value='Jetzt Bestellen auf Orellf\u00fcssli'\/><\/a><button onclick='window.location.href = '' style='display:none;';'>Jetzt Bestellen auf Weltbild<\/button><\/div>\n\t\t\t\t\t\t\t<\/div>\n\t\t\t\t\t\t<\/div>\t\t\t\n\t\t\t\t<\/div><\/div><\/div>\n<\/div>\n<\/div><\/div>\n","protected":false},"excerpt":{"rendered":"","protected":false},"author":1,"featured_media":0,"parent":0,"menu_order":0,"comment_status":"closed","ping_status":"closed","template":"page-templates\/template-pagebuilder-full-width.php","meta":{"neve_meta_sidebar":"full-width","neve_meta_container":"contained","neve_meta_enable_content_width":"on","neve_meta_content_width":100,"neve_meta_title_alignment":"","neve_meta_author_avatar":"","neve_post_elements_order":"","neve_meta_disable_header":"","neve_meta_disable_footer":"","neve_meta_disable_title":"on","_themeisle_gutenberg_block_has_review":false,"footnotes":""},"class_list":["post-89","page","type-page","status-publish","hentry"],"yoast_head":"<!-- This site is optimized with the Yoast SEO plugin v27.3 - https:\/\/yoast.com\/product\/yoast-seo-wordpress\/ -->\n<title>Homepage - zerafin.ch<\/title>\n<meta name=\"description\" content=\"Du magst Spannung und Mystery? Dann bist Du bei uns richtig..., Dracool Holmes: Das Phantom von Counterville, Dracool Holmes: Das Amulett von Asherwood\" \/>\n<meta name=\"robots\" content=\"index, follow, max-snippet:-1, max-image-preview:large, max-video-preview:-1\" \/>\n<link rel=\"canonical\" href=\"https:\/\/zerafin.ch\/cms\/\" \/>\n<meta property=\"og:locale\" content=\"de_DE\" \/>\n<meta property=\"og:type\" content=\"article\" \/>\n<meta property=\"og:title\" content=\"Homepage - zerafin.ch\" \/>\n<meta property=\"og:description\" content=\"Du magst Spannung und Mystery? Dann bist Du bei uns richtig..., Dracool Holmes: Das Phantom von Counterville, Dracool Holmes: Das Amulett von Asherwood\" \/>\n<meta property=\"og:url\" content=\"https:\/\/zerafin.ch\/cms\/\" \/>\n<meta property=\"og:site_name\" content=\"zerafin.ch\" \/>\n<meta property=\"article:modified_time\" content=\"2022-02-23T07:59:42+00:00\" \/>\n<meta name=\"twitter:card\" content=\"summary_large_image\" \/>\n<meta name=\"twitter:label1\" content=\"Gesch\u00e4tzte Lesezeit\" \/>\n\t<meta name=\"twitter:data1\" content=\"1\u00a0Minute\" \/>\n<script type=\"application\/ld+json\" class=\"yoast-schema-graph\">{\"@context\":\"https:\\\/\\\/schema.org\",\"@graph\":[{\"@type\":\"WebPage\",\"@id\":\"https:\\\/\\\/zerafin.ch\\\/cms\\\/\",\"url\":\"https:\\\/\\\/zerafin.ch\\\/cms\\\/\",\"name\":\"Homepage - zerafin.ch\",\"isPartOf\":{\"@id\":\"https:\\\/\\\/zerafin.ch\\\/cms\\\/#website\"},\"datePublished\":\"2020-03-02T12:05:47+00:00\",\"dateModified\":\"2022-02-23T07:59:42+00:00\",\"description\":\"Du magst Spannung und Mystery? Dann bist Du bei uns richtig..., Dracool Holmes: Das Phantom von Counterville, Dracool Holmes: Das Amulett von Asherwood\",\"breadcrumb\":{\"@id\":\"https:\\\/\\\/zerafin.ch\\\/cms\\\/#breadcrumb\"},\"inLanguage\":\"de-CH\",\"potentialAction\":[{\"@type\":\"ReadAction\",\"target\":[\"https:\\\/\\\/zerafin.ch\\\/cms\\\/\"]}]},{\"@type\":\"BreadcrumbList\",\"@id\":\"https:\\\/\\\/zerafin.ch\\\/cms\\\/#breadcrumb\",\"itemListElement\":[{\"@type\":\"ListItem\",\"position\":1,\"name\":\"Home\",\"item\":\"https:\\\/\\\/zerafin.ch\\\/cms\\\/\"},{\"@type\":\"ListItem\",\"position\":2,\"name\":\"Homepage\"}]},{\"@type\":\"WebSite\",\"@id\":\"https:\\\/\\\/zerafin.ch\\\/cms\\\/#website\",\"url\":\"https:\\\/\\\/zerafin.ch\\\/cms\\\/\",\"name\":\"zerafin.ch\",\"description\":\"Mystery-Kinderbuch\",\"publisher\":{\"@id\":\"https:\\\/\\\/zerafin.ch\\\/cms\\\/#organization\"},\"potentialAction\":[{\"@type\":\"SearchAction\",\"target\":{\"@type\":\"EntryPoint\",\"urlTemplate\":\"https:\\\/\\\/zerafin.ch\\\/cms\\\/?s={search_term_string}\"},\"query-input\":{\"@type\":\"PropertyValueSpecification\",\"valueRequired\":true,\"valueName\":\"search_term_string\"}}],\"inLanguage\":\"de-CH\"},{\"@type\":\"Organization\",\"@id\":\"https:\\\/\\\/zerafin.ch\\\/cms\\\/#organization\",\"name\":\"zerafin.ch\",\"url\":\"https:\\\/\\\/zerafin.ch\\\/cms\\\/\",\"logo\":{\"@type\":\"ImageObject\",\"inLanguage\":\"de-CH\",\"@id\":\"https:\\\/\\\/zerafin.ch\\\/cms\\\/#\\\/schema\\\/logo\\\/image\\\/\",\"url\":\"https:\\\/\\\/zerafin.ch\\\/cms\\\/wp-content\\\/uploads\\\/2021\\\/09\\\/zerafin.png\",\"contentUrl\":\"https:\\\/\\\/zerafin.ch\\\/cms\\\/wp-content\\\/uploads\\\/2021\\\/09\\\/zerafin.png\",\"width\":806,\"height\":598,\"caption\":\"zerafin.ch\"},\"image\":{\"@id\":\"https:\\\/\\\/zerafin.ch\\\/cms\\\/#\\\/schema\\\/logo\\\/image\\\/\"}}]}<\/script>\n<!-- \/ Yoast SEO plugin. -->","yoast_head_json":{"title":"Homepage - zerafin.ch","description":"Du magst Spannung und Mystery? Dann bist Du bei uns richtig..., Dracool Holmes: Das Phantom von Counterville, Dracool Holmes: Das Amulett von Asherwood","robots":{"index":"index","follow":"follow","max-snippet":"max-snippet:-1","max-image-preview":"max-image-preview:large","max-video-preview":"max-video-preview:-1"},"canonical":"https:\/\/zerafin.ch\/cms\/","og_locale":"de_DE","og_type":"article","og_title":"Homepage - zerafin.ch","og_description":"Du magst Spannung und Mystery? Dann bist Du bei uns richtig..., Dracool Holmes: Das Phantom von Counterville, Dracool Holmes: Das Amulett von Asherwood","og_url":"https:\/\/zerafin.ch\/cms\/","og_site_name":"zerafin.ch","article_modified_time":"2022-02-23T07:59:42+00:00","twitter_card":"summary_large_image","twitter_misc":{"Gesch\u00e4tzte Lesezeit":"1\u00a0Minute"},"schema":{"@context":"https:\/\/schema.org","@graph":[{"@type":"WebPage","@id":"https:\/\/zerafin.ch\/cms\/","url":"https:\/\/zerafin.ch\/cms\/","name":"Homepage - zerafin.ch","isPartOf":{"@id":"https:\/\/zerafin.ch\/cms\/#website"},"datePublished":"2020-03-02T12:05:47+00:00","dateModified":"2022-02-23T07:59:42+00:00","description":"Du magst Spannung und Mystery? Dann bist Du bei uns richtig..., Dracool Holmes: Das Phantom von Counterville, Dracool Holmes: Das Amulett von Asherwood","breadcrumb":{"@id":"https:\/\/zerafin.ch\/cms\/#breadcrumb"},"inLanguage":"de-CH","potentialAction":[{"@type":"ReadAction","target":["https:\/\/zerafin.ch\/cms\/"]}]},{"@type":"BreadcrumbList","@id":"https:\/\/zerafin.ch\/cms\/#breadcrumb","itemListElement":[{"@type":"ListItem","position":1,"name":"Home","item":"https:\/\/zerafin.ch\/cms\/"},{"@type":"ListItem","position":2,"name":"Homepage"}]},{"@type":"WebSite","@id":"https:\/\/zerafin.ch\/cms\/#website","url":"https:\/\/zerafin.ch\/cms\/","name":"zerafin.ch","description":"Mystery-Kinderbuch","publisher":{"@id":"https:\/\/zerafin.ch\/cms\/#organization"},"potentialAction":[{"@type":"SearchAction","target":{"@type":"EntryPoint","urlTemplate":"https:\/\/zerafin.ch\/cms\/?s={search_term_string}"},"query-input":{"@type":"PropertyValueSpecification","valueRequired":true,"valueName":"search_term_string"}}],"inLanguage":"de-CH"},{"@type":"Organization","@id":"https:\/\/zerafin.ch\/cms\/#organization","name":"zerafin.ch","url":"https:\/\/zerafin.ch\/cms\/","logo":{"@type":"ImageObject","inLanguage":"de-CH","@id":"https:\/\/zerafin.ch\/cms\/#\/schema\/logo\/image\/","url":"https:\/\/zerafin.ch\/cms\/wp-content\/uploads\/2021\/09\/zerafin.png","contentUrl":"https:\/\/zerafin.ch\/cms\/wp-content\/uploads\/2021\/09\/zerafin.png","width":806,"height":598,"caption":"zerafin.ch"},"image":{"@id":"https:\/\/zerafin.ch\/cms\/#\/schema\/logo\/image\/"}}]}},"_links":{"self":[{"href":"https:\/\/zerafin.ch\/cms\/wp-json\/wp\/v2\/pages\/89","targetHints":{"allow":["GET"]}}],"collection":[{"href":"https:\/\/zerafin.ch\/cms\/wp-json\/wp\/v2\/pages"}],"about":[{"href":"https:\/\/zerafin.ch\/cms\/wp-json\/wp\/v2\/types\/page"}],"author":[{"embeddable":true,"href":"https:\/\/zerafin.ch\/cms\/wp-json\/wp\/v2\/users\/1"}],"replies":[{"embeddable":true,"href":"https:\/\/zerafin.ch\/cms\/wp-json\/wp\/v2\/comments?post=89"}],"version-history":[{"count":22,"href":"https:\/\/zerafin.ch\/cms\/wp-json\/wp\/v2\/pages\/89\/revisions"}],"predecessor-version":[{"id":412,"href":"https:\/\/zerafin.ch\/cms\/wp-json\/wp\/v2\/pages\/89\/revisions\/412"}],"wp:attachment":[{"href":"https:\/\/zerafin.ch\/cms\/wp-json\/wp\/v2\/media?parent=89"}],"curies":[{"name":"wp","href":"https:\/\/api.w.org\/{rel}","templated":true}]}}